{"id":5066,"date":"2024-11-20T16:41:12","date_gmt":"2024-11-20T16:41:12","guid":{"rendered":"https:\/\/casinoreturn.com\/royal-flush-i-poker\/"},"modified":"2024-12-04T14:01:50","modified_gmt":"2024-12-04T14:01:50","slug":"royal-flush-i-poker","status":"publish","type":"page","link":"https:\/\/casinoreturn.com\/sv\/royal-flush-i-poker\/","title":{"rendered":"Royal Flush i poker"},"content":{"rendered":"\t\t<div data-elementor-type=\"wp-page\" data-elementor-id=\"5066\" class=\"elementor elementor-5066\" data-elementor-post-type=\"page\">\n\t\t\t\t<div class=\"elementor-element elementor-element-544c1d6 e-con-full e-flex e-con e-parent\" data-id=\"544c1d6\" data-element_type=\"container\">\n\t\t\t\t<div class=\"elementor-element elementor-element-7598f05 elementor-widget elementor-widget-heading\" data-id=\"7598f05\" data-element_type=\"widget\" data-widget_type=\"heading.default\">\n\t\t\t\t<div class=\"elementor-widget-container\">\n\t\t\t\t\t<h2 class=\"elementor-heading-title elementor-size-default\">Royal Flush i poker - \"Den d\u00e4r ena handen i poker\"<\/h2>\t\t\t\t<\/div>\n\t\t\t\t<\/div>\n\t\t\t\t<div class=\"elementor-element elementor-element-c8fb580 elementor-widget elementor-widget-image\" data-id=\"c8fb580\" data-element_type=\"widget\" data-widget_type=\"image.default\">\n\t\t\t\t<div class=\"elementor-widget-container\">\n\t\t\t\t\t\t\t\t\t\t\t\t\t\t\t<img fetchpriority=\"high\" decoding=\"async\" width=\"522\" height=\"360\" src=\"https:\/\/casinoreturn.com\/wp-content\/uploads\/2024\/11\/Royal-Flush-in-Poker.jpg\" class=\"attachment-large size-large wp-image-3699\" alt=\"creator-television-and-poker-world-tour-align\" srcset=\"https:\/\/casinoreturn.com\/wp-content\/uploads\/2024\/11\/Royal-Flush-in-Poker.jpg 522w, https:\/\/casinoreturn.com\/wp-content\/uploads\/2024\/11\/Royal-Flush-in-Poker-300x207.jpg 300w\" sizes=\"(max-width: 522px) 100vw, 522px\" \/>\t\t\t\t\t\t\t\t\t\t\t\t\t\t\t<\/div>\n\t\t\t\t<\/div>\n\t\t\t\t<div class=\"elementor-element elementor-element-4a45df4 elementor-widget elementor-widget-heading\" data-id=\"4a45df4\" data-element_type=\"widget\" data-widget_type=\"heading.default\">\n\t\t\t\t<div class=\"elementor-widget-container\">\n\t\t\t\t\t<h2 class=\"elementor-heading-title elementor-size-default\">Vad \u00e4r en Royal Flush i poker?<\/h2>\t\t\t\t<\/div>\n\t\t\t\t<\/div>\n\t\t\t\t<div class=\"elementor-element elementor-element-91fa191 elementor-button-success elementor-align-center elementor-widget elementor-widget-button\" data-id=\"91fa191\" data-element_type=\"widget\" data-widget_type=\"button.default\">\n\t\t\t\t<div class=\"elementor-widget-container\">\n\t\t\t\t\t\t\t\t\t<div class=\"elementor-button-wrapper\">\n\t\t\t\t\t<a class=\"elementor-button elementor-button-link elementor-size-sm\" href=\"https:\/\/casinoreturn.com\/sv\/casinon-for-poker-online\/\">\n\t\t\t\t\t\t<span class=\"elementor-button-content-wrapper\">\n\t\t\t\t\t\t\t\t\t<span class=\"elementor-button-text\">Spela poker h\u00e4r<\/span>\n\t\t\t\t\t<\/span>\n\t\t\t\t\t<\/a>\n\t\t\t\t<\/div>\n\t\t\t\t\t\t\t\t<\/div>\n\t\t\t\t<\/div>\n\t\t\t\t<div class=\"elementor-element elementor-element-ffeecd1 elementor-widget elementor-widget-text-editor\" data-id=\"ffeecd1\" data-element_type=\"widget\" data-widget_type=\"text-editor.default\">\n\t\t\t\t<div class=\"elementor-widget-container\">\n\t\t\t\t\t\t\t\t\t<p>Royal Flush i poker, modern till alla h\u00e4nder i poker. Det \u00e4r en viss kombination av kort som kan anv\u00e4ndas i poker. Som n\u00e4mnts ovan \u00e4r det inte vilken kombination som helst, utan kombinationen med det h\u00f6gsta v\u00e4rdet vinner alltid. En Royal Flush eller Royal Flush best\u00e5r av fem kort i f\u00f6ljd, till exempel 6, 7, 8, 9 och 10. Det speciella med en Royal Flush \u00e4r att sekvensen (\u00e4ven Straight eller Street) \u00e4r den h\u00f6gsta ordningen: 10, Jack, Queen, King och Ace, och som om det inte vore nog m\u00e5ste Royal Flush-korten vara av samma f\u00e4rg, oavsett vilken f\u00e4rg. Faktum \u00e4r att Royal Flush \u00e4r den b\u00e4sta. En flush best\u00e5r alltid av fem kort i samma f\u00e4rg. S\u00e5 om alla dessa \u00e4r de h\u00f6gsta korten i en f\u00e4rg, har du en Royal Flush.       <\/p>\n\t\t\t\t\t\t\t\t<\/div>\n\t\t\t\t<\/div>\n\t\t\t\t<div class=\"elementor-element elementor-element-83611db elementor-widget elementor-widget-heading\" data-id=\"83611db\" data-element_type=\"widget\" data-widget_type=\"heading.default\">\n\t\t\t\t<div class=\"elementor-widget-container\">\n\t\t\t\t\t<h3 class=\"elementor-heading-title elementor-size-default\">Bed\u00f6mning av Royal Flush-handen<\/h3>\t\t\t\t<\/div>\n\t\t\t\t<\/div>\n\t\t\t\t<div class=\"elementor-element elementor-element-59a7e45 elementor-widget elementor-widget-text-editor\" data-id=\"59a7e45\" data-element_type=\"widget\" data-widget_type=\"text-editor.default\">\n\t\t\t\t<div class=\"elementor-widget-container\">\n\t\t\t\t\t\t\t\t\t<p>Du kan inte g\u00e5 fel med en Royal Flush-hand. Detta beror p\u00e5 att du redan har den b\u00e4sta m\u00f6jliga kombinationen. Men med en Royal Flush finns det n\u00e5gra saker att t\u00e4nka p\u00e5, \u00e4ven om du redan har fyra kort i rad i samma f\u00e4rg. Det betyder inte att det motsvarande femte kortet l\u00e4ggs till i slutet. Om det r\u00e4tta kortet inte kommer med till slutet, resulterar f\u00f6rs\u00f6ket att f\u00e5 en Royal Flush i poker ofta i en stormig sluthand. Risken \u00e4r stor.     <\/p>\n\t\t\t\t\t\t\t\t<\/div>\n\t\t\t\t<\/div>\n\t\t\t\t<div class=\"elementor-element elementor-element-fc7dee4 elementor-widget elementor-widget-heading\" data-id=\"fc7dee4\" data-element_type=\"widget\" data-widget_type=\"heading.default\">\n\t\t\t\t<div class=\"elementor-widget-container\">\n\t\t\t\t\t<h3 class=\"elementor-heading-title elementor-size-default\">Den optimala strategin f\u00f6r en Royal Flush<\/h3>\t\t\t\t<\/div>\n\t\t\t\t<\/div>\n\t\t\t\t<div class=\"elementor-element elementor-element-8889405 elementor-widget elementor-widget-text-editor\" data-id=\"8889405\" data-element_type=\"widget\" data-widget_type=\"text-editor.default\">\n\t\t\t\t<div class=\"elementor-widget-container\">\n\t\t\t\t\t\t\t\t\t<p>Om du vill ha en Royal Flush, skulle det vara mest l\u00f6nsamt att bara spela lovande Royal Flush-h\u00e4nder. Vik alla andra kort, men det h\u00e4r \u00e4r inte den b\u00e4sta strategin. Det \u00e4r ofta mer lovande att satsa p\u00e5 en annan kortkombination, vilket \u00e4r mer troligt. Det \u00e4r ocks\u00e5 viktigt att h\u00e5lla ett \u00f6ga p\u00e5 andra spelares beteende. F\u00f6r att g\u00f6ra detta m\u00e5ste du analysera deras spelbeteende mycket noggrant. I slut\u00e4ndan beh\u00f6ver du bara en Royal Flush f\u00f6r att ha den en g\u00e5ng och f\u00f6r att sl\u00e5 andra bra h\u00e4nder. Eftersom dessa ocks\u00e5 \u00e4r ganska s\u00e4llsynta \u00e4r Royal Flush s\u00e4llan n\u00f6dv\u00e4ndig. Det \u00e4r ocks\u00e5 viktigt att om det finns en h\u00f6g sannolikhet att din motst\u00e5ndare inte \u00e4r f\u00f6r os\u00e4ker f\u00f6r en Royal Flush och han kallar, f\u00f6r tyv\u00e4rr \u00e4r din Royal Flush inte till n\u00e5gon nytta f\u00f6r dig om dina motst\u00e5ndare viker sig f\u00f6r tidigt. Uppenbarligen \u00e4r det annorlunda n\u00e4r du spelar videopoker. Eftersom du kan g\u00f6ra en oproportionerligt stor vinst i videopoker med en Royal Flush, b\u00f6r du alltid spela med en Royal Flush. Eftersom du inte har n\u00e5gra fiender h\u00e4r ska du inte spela den rollen.          <\/p>\n\t\t\t\t\t\t\t\t<\/div>\n\t\t\t\t<\/div>\n\t\t\t\t<div class=\"elementor-element elementor-element-863e8de elementor-widget elementor-widget-heading\" data-id=\"863e8de\" data-element_type=\"widget\" data-widget_type=\"heading.default\">\n\t\t\t\t<div class=\"elementor-widget-container\">\n\t\t\t\t\t<h3 class=\"elementor-heading-title elementor-size-default\">Pokervarianter i Royal Flush?<\/h3>\t\t\t\t<\/div>\n\t\t\t\t<\/div>\n\t\t\t\t<div class=\"elementor-element elementor-element-80672b1 elementor-widget elementor-widget-text-editor\" data-id=\"80672b1\" data-element_type=\"widget\" data-widget_type=\"text-editor.default\">\n\t\t\t\t<div class=\"elementor-widget-container\">\n\t\t\t\t\t\t\t\t\t<p>Royal Flush finns i alla pokervarianter som spelas \u00e4n idag, till exempel Texas Hold&#8217;em, Five Card Draw och Seven Card Stud. Som n\u00e4mnts ovan \u00e4r det n\u00e4stan lika sv\u00e5rt att hitta en pokervariant utan Royal Flush som det \u00e4r att f\u00e5 en. <\/p>\n\t\t\t\t\t\t\t\t<\/div>\n\t\t\t\t<\/div>\n\t\t\t\t<\/div>\n\t\t\t\t<\/div>\n\t\t","protected":false},"excerpt":{"rendered":"<p>Royal Flush i poker &#8211; &#8221;Den d\u00e4r ena handen i poker&#8221; Vad \u00e4r en Royal Flush i poker? Spela poker h\u00e4r Royal Flush i poker, modern till alla h\u00e4nder i poker. Det \u00e4r en viss kombination av kort som kan anv\u00e4ndas i poker. Som n\u00e4mnts ovan \u00e4r det inte vilken kombination som helst, utan kombinationen [&hellip;]<\/p>\n","protected":false},"author":1,"featured_media":0,"parent":0,"menu_order":0,"comment_status":"closed","ping_status":"closed","template":"","meta":{"footnotes":""},"class_list":["post-5066","page","type-page","status-publish","hentry"],"blocksy_meta":[],"acf":[],"yoast_head":"<!-- This site is optimized with the Yoast SEO plugin v24.1 - https:\/\/yoast.com\/wordpress\/plugins\/seo\/ -->\n<title>Royal Flush i poker - casinoreturn<\/title>\n<meta name=\"description\" content=\"Royal Flush i Poker, den stora damen av alla h\u00e4nder. Gl\u00f6m fyra av ett slag och ess. V\u00e5r lilla guide kommer att ge dig lite information.\" \/>\n<meta name=\"robots\" content=\"index, follow, max-snippet:-1, max-image-preview:large, max-video-preview:-1\" \/>\n<link rel=\"canonical\" href=\"https:\/\/casinoreturn.com\/sv\/royal-flush-i-poker\/\" \/>\n<meta property=\"og:locale\" content=\"sv_SE\" \/>\n<meta property=\"og:type\" content=\"article\" \/>\n<meta property=\"og:title\" content=\"Royal Flush i poker - casinoreturn\" \/>\n<meta property=\"og:description\" content=\"Royal Flush i Poker, den stora damen av alla h\u00e4nder. Gl\u00f6m fyra av ett slag och ess. V\u00e5r lilla guide kommer att ge dig lite information.\" \/>\n<meta property=\"og:url\" content=\"https:\/\/casinoreturn.com\/sv\/royal-flush-i-poker\/\" \/>\n<meta property=\"og:site_name\" content=\"casinoreturn\" \/>\n<meta property=\"article:modified_time\" content=\"2024-12-04T14:01:50+00:00\" \/>\n<meta property=\"og:image\" content=\"https:\/\/casinoreturn.com\/wp-content\/uploads\/2024\/11\/Royal-Flush-in-Poker.jpg\" \/>\n\t<meta property=\"og:image:width\" content=\"522\" \/>\n\t<meta property=\"og:image:height\" content=\"360\" \/>\n\t<meta property=\"og:image:type\" content=\"image\/jpeg\" \/>\n<meta name=\"twitter:card\" content=\"summary_large_image\" \/>\n<meta name=\"twitter:label1\" content=\"Ber\u00e4knad l\u00e4stid\" \/>\n\t<meta name=\"twitter:data1\" content=\"3 minuter\" \/>\n<script type=\"application\/ld+json\" class=\"yoast-schema-graph\">{\"@context\":\"https:\/\/schema.org\",\"@graph\":[{\"@type\":\"WebPage\",\"@id\":\"https:\/\/casinoreturn.com\/sv\/royal-flush-i-poker\/\",\"url\":\"https:\/\/casinoreturn.com\/sv\/royal-flush-i-poker\/\",\"name\":\"Royal Flush i poker - casinoreturn\",\"isPartOf\":{\"@id\":\"https:\/\/casinoreturn.com\/#website\"},\"primaryImageOfPage\":{\"@id\":\"https:\/\/casinoreturn.com\/sv\/royal-flush-i-poker\/#primaryimage\"},\"image\":{\"@id\":\"https:\/\/casinoreturn.com\/sv\/royal-flush-i-poker\/#primaryimage\"},\"thumbnailUrl\":\"https:\/\/casinoreturn.com\/wp-content\/uploads\/2024\/11\/Royal-Flush-in-Poker.jpg\",\"datePublished\":\"2024-11-20T16:41:12+00:00\",\"dateModified\":\"2024-12-04T14:01:50+00:00\",\"description\":\"Royal Flush i Poker, den stora damen av alla h\u00e4nder. Gl\u00f6m fyra av ett slag och ess. V\u00e5r lilla guide kommer att ge dig lite information.\",\"breadcrumb\":{\"@id\":\"https:\/\/casinoreturn.com\/sv\/royal-flush-i-poker\/#breadcrumb\"},\"inLanguage\":\"sv-SE\",\"potentialAction\":[{\"@type\":\"ReadAction\",\"target\":[\"https:\/\/casinoreturn.com\/sv\/royal-flush-i-poker\/\"]}]},{\"@type\":\"ImageObject\",\"inLanguage\":\"sv-SE\",\"@id\":\"https:\/\/casinoreturn.com\/sv\/royal-flush-i-poker\/#primaryimage\",\"url\":\"https:\/\/casinoreturn.com\/wp-content\/uploads\/2024\/11\/Royal-Flush-in-Poker.jpg\",\"contentUrl\":\"https:\/\/casinoreturn.com\/wp-content\/uploads\/2024\/11\/Royal-Flush-in-Poker.jpg\"},{\"@type\":\"BreadcrumbList\",\"@id\":\"https:\/\/casinoreturn.com\/sv\/royal-flush-i-poker\/#breadcrumb\",\"itemListElement\":[{\"@type\":\"ListItem\",\"position\":1,\"name\":\"Home\",\"item\":\"https:\/\/casinoreturn.com\/sv\/home\/\"},{\"@type\":\"ListItem\",\"position\":2,\"name\":\"Royal Flush i poker\"}]},{\"@type\":\"WebSite\",\"@id\":\"https:\/\/casinoreturn.com\/#website\",\"url\":\"https:\/\/casinoreturn.com\/\",\"name\":\"casinoreturn\",\"description\":\"\",\"publisher\":{\"@id\":\"https:\/\/casinoreturn.com\/#organization\"},\"potentialAction\":[{\"@type\":\"SearchAction\",\"target\":{\"@type\":\"EntryPoint\",\"urlTemplate\":\"https:\/\/casinoreturn.com\/?s={search_term_string}\"},\"query-input\":{\"@type\":\"PropertyValueSpecification\",\"valueRequired\":true,\"valueName\":\"search_term_string\"}}],\"inLanguage\":\"sv-SE\"},{\"@type\":\"Organization\",\"@id\":\"https:\/\/casinoreturn.com\/#organization\",\"name\":\"casinoreturn\",\"url\":\"https:\/\/casinoreturn.com\/\",\"logo\":{\"@type\":\"ImageObject\",\"inLanguage\":\"sv-SE\",\"@id\":\"https:\/\/casinoreturn.com\/#\/schema\/logo\/image\/\",\"url\":\"https:\/\/casinoreturn.com\/wp-content\/uploads\/2024\/09\/animal-favicon.png\",\"contentUrl\":\"https:\/\/casinoreturn.com\/wp-content\/uploads\/2024\/09\/animal-favicon.png\",\"width\":92,\"height\":92,\"caption\":\"casinoreturn\"},\"image\":{\"@id\":\"https:\/\/casinoreturn.com\/#\/schema\/logo\/image\/\"}}]}<\/script>\n<!-- \/ Yoast SEO plugin. -->","yoast_head_json":{"title":"Royal Flush i poker - casinoreturn","description":"Royal Flush i Poker, den stora damen av alla h\u00e4nder. Gl\u00f6m fyra av ett slag och ess. V\u00e5r lilla guide kommer att ge dig lite information.","robots":{"index":"index","follow":"follow","max-snippet":"max-snippet:-1","max-image-preview":"max-image-preview:large","max-video-preview":"max-video-preview:-1"},"canonical":"https:\/\/casinoreturn.com\/sv\/royal-flush-i-poker\/","og_locale":"sv_SE","og_type":"article","og_title":"Royal Flush i poker - casinoreturn","og_description":"Royal Flush i Poker, den stora damen av alla h\u00e4nder. Gl\u00f6m fyra av ett slag och ess. V\u00e5r lilla guide kommer att ge dig lite information.","og_url":"https:\/\/casinoreturn.com\/sv\/royal-flush-i-poker\/","og_site_name":"casinoreturn","article_modified_time":"2024-12-04T14:01:50+00:00","og_image":[{"width":522,"height":360,"url":"https:\/\/casinoreturn.com\/wp-content\/uploads\/2024\/11\/Royal-Flush-in-Poker.jpg","type":"image\/jpeg"}],"twitter_card":"summary_large_image","twitter_misc":{"Ber\u00e4knad l\u00e4stid":"3 minuter"},"schema":{"@context":"https:\/\/schema.org","@graph":[{"@type":"WebPage","@id":"https:\/\/casinoreturn.com\/sv\/royal-flush-i-poker\/","url":"https:\/\/casinoreturn.com\/sv\/royal-flush-i-poker\/","name":"Royal Flush i poker - casinoreturn","isPartOf":{"@id":"https:\/\/casinoreturn.com\/#website"},"primaryImageOfPage":{"@id":"https:\/\/casinoreturn.com\/sv\/royal-flush-i-poker\/#primaryimage"},"image":{"@id":"https:\/\/casinoreturn.com\/sv\/royal-flush-i-poker\/#primaryimage"},"thumbnailUrl":"https:\/\/casinoreturn.com\/wp-content\/uploads\/2024\/11\/Royal-Flush-in-Poker.jpg","datePublished":"2024-11-20T16:41:12+00:00","dateModified":"2024-12-04T14:01:50+00:00","description":"Royal Flush i Poker, den stora damen av alla h\u00e4nder. Gl\u00f6m fyra av ett slag och ess. V\u00e5r lilla guide kommer att ge dig lite information.","breadcrumb":{"@id":"https:\/\/casinoreturn.com\/sv\/royal-flush-i-poker\/#breadcrumb"},"inLanguage":"sv-SE","potentialAction":[{"@type":"ReadAction","target":["https:\/\/casinoreturn.com\/sv\/royal-flush-i-poker\/"]}]},{"@type":"ImageObject","inLanguage":"sv-SE","@id":"https:\/\/casinoreturn.com\/sv\/royal-flush-i-poker\/#primaryimage","url":"https:\/\/casinoreturn.com\/wp-content\/uploads\/2024\/11\/Royal-Flush-in-Poker.jpg","contentUrl":"https:\/\/casinoreturn.com\/wp-content\/uploads\/2024\/11\/Royal-Flush-in-Poker.jpg"},{"@type":"BreadcrumbList","@id":"https:\/\/casinoreturn.com\/sv\/royal-flush-i-poker\/#breadcrumb","itemListElement":[{"@type":"ListItem","position":1,"name":"Home","item":"https:\/\/casinoreturn.com\/sv\/home\/"},{"@type":"ListItem","position":2,"name":"Royal Flush i poker"}]},{"@type":"WebSite","@id":"https:\/\/casinoreturn.com\/#website","url":"https:\/\/casinoreturn.com\/","name":"casinoreturn","description":"","publisher":{"@id":"https:\/\/casinoreturn.com\/#organization"},"potentialAction":[{"@type":"SearchAction","target":{"@type":"EntryPoint","urlTemplate":"https:\/\/casinoreturn.com\/?s={search_term_string}"},"query-input":{"@type":"PropertyValueSpecification","valueRequired":true,"valueName":"search_term_string"}}],"inLanguage":"sv-SE"},{"@type":"Organization","@id":"https:\/\/casinoreturn.com\/#organization","name":"casinoreturn","url":"https:\/\/casinoreturn.com\/","logo":{"@type":"ImageObject","inLanguage":"sv-SE","@id":"https:\/\/casinoreturn.com\/#\/schema\/logo\/image\/","url":"https:\/\/casinoreturn.com\/wp-content\/uploads\/2024\/09\/animal-favicon.png","contentUrl":"https:\/\/casinoreturn.com\/wp-content\/uploads\/2024\/09\/animal-favicon.png","width":92,"height":92,"caption":"casinoreturn"},"image":{"@id":"https:\/\/casinoreturn.com\/#\/schema\/logo\/image\/"}}]}},"_links":{"self":[{"href":"https:\/\/casinoreturn.com\/sv\/wp-json\/wp\/v2\/pages\/5066","targetHints":{"allow":["GET"]}}],"collection":[{"href":"https:\/\/casinoreturn.com\/sv\/wp-json\/wp\/v2\/pages"}],"about":[{"href":"https:\/\/casinoreturn.com\/sv\/wp-json\/wp\/v2\/types\/page"}],"author":[{"embeddable":true,"href":"https:\/\/casinoreturn.com\/sv\/wp-json\/wp\/v2\/users\/1"}],"replies":[{"embeddable":true,"href":"https:\/\/casinoreturn.com\/sv\/wp-json\/wp\/v2\/comments?post=5066"}],"version-history":[{"count":1,"href":"https:\/\/casinoreturn.com\/sv\/wp-json\/wp\/v2\/pages\/5066\/revisions"}],"predecessor-version":[{"id":5067,"href":"https:\/\/casinoreturn.com\/sv\/wp-json\/wp\/v2\/pages\/5066\/revisions\/5067"}],"wp:attachment":[{"href":"https:\/\/casinoreturn.com\/sv\/wp-json\/wp\/v2\/media?parent=5066"}],"curies":[{"name":"wp","href":"https:\/\/api.w.org\/{rel}","templated":true}]}}