{"id":6164,"date":"2024-11-12T22:30:29","date_gmt":"2024-11-12T22:30:29","guid":{"rendered":"https:\/\/casinoreturn.com\/inga-satsningsbara-kasinobonusar-kanada\/"},"modified":"2024-12-20T00:43:51","modified_gmt":"2024-12-20T00:43:51","slug":"inga-satsningsbara-kasinobonusar-kanada","status":"publish","type":"page","link":"https:\/\/casinoreturn.com\/sv\/inga-satsningsbara-kasinobonusar-kanada\/","title":{"rendered":"Inga satsningsbara kasinobonusar Kanada"},"content":{"rendered":"\t\t<div data-elementor-type=\"wp-page\" data-elementor-id=\"6164\" class=\"elementor elementor-6164\" data-elementor-post-type=\"page\">\n\t\t\t\t<div class=\"elementor-element elementor-element-099340e e-con-full e-flex e-con e-parent\" data-id=\"099340e\" data-element_type=\"container\">\n\t\t\t\t<div class=\"elementor-element elementor-element-9452dd6 elementor-widget elementor-widget-heading\" data-id=\"9452dd6\" data-element_type=\"widget\" data-widget_type=\"heading.default\">\n\t\t\t\t<div class=\"elementor-widget-container\">\n\t\t\t\t\t<h4 class=\"elementor-heading-title elementor-size-default\">Inga satsningsbara kasinobonusar Kanada \u00e4r ganska \u00e4rr. Vi har listat en handfull av dessa bonusar utan oms\u00e4ttning \u00e5t dig.   <\/h4>\t\t\t\t<\/div>\n\t\t\t\t<\/div>\n\t\t\t\t<div class=\"elementor-element elementor-element-206107d elementor-widget elementor-widget-image\" data-id=\"206107d\" data-element_type=\"widget\" data-widget_type=\"image.default\">\n\t\t\t\t<div class=\"elementor-widget-container\">\n\t\t\t\t\t\t\t\t\t\t\t\t\t\t\t<img fetchpriority=\"high\" decoding=\"async\" width=\"300\" height=\"300\" src=\"https:\/\/casinoreturn.com\/wp-content\/uploads\/2024\/11\/No-Wagering-Casino-Bonuses.png\" class=\"attachment-large size-large wp-image-3189\" alt=\"No Wagering Casino Bonuses\" srcset=\"https:\/\/casinoreturn.com\/wp-content\/uploads\/2024\/11\/No-Wagering-Casino-Bonuses.png 300w, https:\/\/casinoreturn.com\/wp-content\/uploads\/2024\/11\/No-Wagering-Casino-Bonuses-150x150.png 150w\" sizes=\"(max-width: 300px) 100vw, 300px\" \/>\t\t\t\t\t\t\t\t\t\t\t\t\t\t\t<\/div>\n\t\t\t\t<\/div>\n\t\t\t\t<div class=\"elementor-element elementor-element-a282737 elementor-widget elementor-widget-heading\" data-id=\"a282737\" data-element_type=\"widget\" data-widget_type=\"heading.default\">\n\t\t\t\t<div class=\"elementor-widget-container\">\n\t\t\t\t\t<h4 class=\"elementor-heading-title elementor-size-default\">Out Top Pick f\u00f6r inga satsningsbonusar i Kanada.  <\/h4>\t\t\t\t<\/div>\n\t\t\t\t<\/div>\n\t\t\t\t<div class=\"elementor-element elementor-element-a7c48aa elementor-button-success elementor-align-center elementor-widget elementor-widget-button\" data-id=\"a7c48aa\" data-element_type=\"widget\" data-widget_type=\"button.default\">\n\t\t\t\t<div class=\"elementor-widget-container\">\n\t\t\t\t\t\t\t\t\t<div class=\"elementor-button-wrapper\">\n\t\t\t\t\t<a class=\"elementor-button elementor-button-link elementor-size-sm\" href=\"#\">\n\t\t\t\t\t\t<span class=\"elementor-button-content-wrapper\">\n\t\t\t\t\t\t\t\t\t<span class=\"elementor-button-text\">50 Free Spins utan oms\u00e4ttningskrav p\u00e5 THOR - Spela OJO Casino idag!<\/span>\n\t\t\t\t\t<\/span>\n\t\t\t\t\t<\/a>\n\t\t\t\t<\/div>\n\t\t\t\t\t\t\t\t<\/div>\n\t\t\t\t<\/div>\n\t\t\t\t<div class=\"elementor-element elementor-element-4236979 elementor-countdown--label-block elementor-widget elementor-widget-countdown\" data-id=\"4236979\" data-element_type=\"widget\" data-widget_type=\"countdown.default\">\n\t\t\t\t<div class=\"elementor-widget-container\">\n\t\t\t\t\t\t\t<div data-expire-actions=\"[{&quot;type&quot;:&quot;message&quot;}]\" class=\"elementor-countdown-wrapper\" data-date=\"1767224100\">\n\t\t\t<div class=\"elementor-countdown-item\"><span class=\"elementor-countdown-digits elementor-countdown-days\"><\/span> <span class=\"elementor-countdown-label\">Dagar<\/span><\/div><div class=\"elementor-countdown-item\"><span class=\"elementor-countdown-digits elementor-countdown-hours\"><\/span> <span class=\"elementor-countdown-label\">Timmar<\/span><\/div><div class=\"elementor-countdown-item\"><span class=\"elementor-countdown-digits elementor-countdown-minutes\"><\/span> <span class=\"elementor-countdown-label\">Protokoll<\/span><\/div><div class=\"elementor-countdown-item\"><span class=\"elementor-countdown-digits elementor-countdown-seconds\"><\/span> <span class=\"elementor-countdown-label\">Sekunder<\/span><\/div>\t\t<\/div>\n\t\t\t\t\t\t<div class=\"elementor-countdown-expire--message\">\n\t\t\t\t\tF\u00e5 50 gratissnurr utan oms\u00e4ttningskrav p\u00e5 THOR - Spela gratissnurr utan oms\u00e4ttningskrav p\u00e5 OJO Casino idag\t\t\t\t<\/div>\n\t\t\t\t\t\t\t\t<\/div>\n\t\t\t\t<\/div>\n\t\t\t\t<div class=\"elementor-element elementor-element-a9b8b0a elementor-widget elementor-widget-image\" data-id=\"a9b8b0a\" data-element_type=\"widget\" data-widget_type=\"image.default\">\n\t\t\t\t<div class=\"elementor-widget-container\">\n\t\t\t\t\t\t\t\t\t\t\t\t\t\t\t<img decoding=\"async\" width=\"300\" height=\"150\" src=\"https:\/\/casinoreturn.com\/wp-content\/uploads\/2024\/12\/Play-Ojo-no-wagering-free-spins.png\" class=\"attachment-large size-large wp-image-6119\" alt=\"Play Ojo no wagering free spins\" \/>\t\t\t\t\t\t\t\t\t\t\t\t\t\t\t<\/div>\n\t\t\t\t<\/div>\n\t\t\t\t<div class=\"elementor-element elementor-element-ccbe21f elementor-widget elementor-widget-heading\" data-id=\"ccbe21f\" data-element_type=\"widget\" data-widget_type=\"heading.default\">\n\t\t\t\t<div class=\"elementor-widget-container\">\n\t\t\t\t\t<h4 class=\"elementor-heading-title elementor-size-default\">Mer om ingen satsning, gratissnurr utan ins\u00e4ttning och ingen ins\u00e4ttningsbonus i Kanada och Ontario.<\/h4>\t\t\t\t<\/div>\n\t\t\t\t<\/div>\n\t\t\t\t<div class=\"elementor-element elementor-element-e56fee4 elementor-widget elementor-widget-text-editor\" data-id=\"e56fee4\" data-element_type=\"widget\" data-widget_type=\"text-editor.default\">\n\t\t\t\t<div class=\"elementor-widget-container\">\n\t\t\t\t\t\t\t\t\t<h5><strong>Hur h\u00e4mtar jag 50 oms\u00e4ttningsfria gratissnurr?<\/strong><\/h5>\n<p>F\u00f6r att g\u00f6ra anspr\u00e5k p\u00e5 dessa 50 snurr utan oms\u00e4ttning beh\u00f6ver bara n\u00e5gra steg slutf\u00f6ras.<\/p>\n<ul>\n<li>Registrera dig med PlayOJO<\/li>\n<li>Telefonnummer och ditt f\u00f6delsedatum kr\u00e4vs endast f\u00f6r att \u00f6ppna ett konto hos PlayOJO Casino<\/li>\n<li>S\u00e4tt in och spela dina gratissnurr ( <a href=\"https:\/\/www.playojo.com\/en\/reward-policy\/?appName=PlayOJO\">T&amp;C&#8217;s g\u00e4ller<\/a>)<\/li>\n<\/ul>\n\t\t\t\t\t\t\t\t<\/div>\n\t\t\t\t<\/div>\n\t\t\t\t<div class=\"elementor-element elementor-element-8ab4dfd elementor-widget elementor-widget-image\" data-id=\"8ab4dfd\" data-element_type=\"widget\" data-widget_type=\"image.default\">\n\t\t\t\t<div class=\"elementor-widget-container\">\n\t\t\t\t\t\t\t\t\t\t\t\t\t\t\t<img decoding=\"async\" width=\"514\" height=\"388\" src=\"https:\/\/casinoreturn.com\/wp-content\/uploads\/2024\/12\/50-No-Wagering-Free-Spins.png\" class=\"attachment-large size-large wp-image-6131\" alt=\"50 No Wagering Free Spins\" srcset=\"https:\/\/casinoreturn.com\/wp-content\/uploads\/2024\/12\/50-No-Wagering-Free-Spins.png 514w, https:\/\/casinoreturn.com\/wp-content\/uploads\/2024\/12\/50-No-Wagering-Free-Spins-300x226.png 300w\" sizes=\"(max-width: 514px) 100vw, 514px\" \/>\t\t\t\t\t\t\t\t\t\t\t\t\t\t\t<\/div>\n\t\t\t\t<\/div>\n\t\t\t\t<div class=\"elementor-element elementor-element-f04881c elementor-widget elementor-widget-heading\" data-id=\"f04881c\" data-element_type=\"widget\" data-widget_type=\"heading.default\">\n\t\t\t\t<div class=\"elementor-widget-container\">\n\t\t\t\t\t<h4 class=\"elementor-heading-title elementor-size-default\">Vad \u00e4r vadslagning i kasino?<\/h4>\t\t\t\t<\/div>\n\t\t\t\t<\/div>\n\t\t\t\t<div class=\"elementor-element elementor-element-380aa18 elementor-widget elementor-widget-text-editor\" data-id=\"380aa18\" data-element_type=\"widget\" data-widget_type=\"text-editor.default\">\n\t\t\t\t<div class=\"elementor-widget-container\">\n\t\t\t\t\t\t\t\t\t<p>Oms\u00e4ttning i kasino \u00e4r processen f\u00f6r att slutf\u00f6ra villkoren f\u00f6r alla gratis bonusar eller allm\u00e4nna kasinobonusar som ges. H\u00e4r \u00e4r n\u00e5gra exempel, hur satsning i online casino fungerar. L\u00e5t oss b\u00f6rja med PlayOJO: s 50 gratissnurr utan satsning. T&amp;C: s tillst\u00e5nd, att 50 snurr ges:     <\/p>\n<ul>\n<li>En kvalificerande f\u00f6rsta ins\u00e4ttning m\u00e5ste g\u00f6ras<\/li>\n<li>THOR &#8211; Spelautomat som endast ska anv\u00e4ndas med minsta insatser CAD$0,10<\/li>\n<li><a href=\"https:\/\/www.playojo.com\/en\/reward-policy\/?appName=PlayOJO\">Allm\u00e4nna villkor g\u00e4ller  <\/a><\/li>\n<\/ul>\n<p>Eftersom det inte finns n\u00e5got oms\u00e4ttningskrav kan var och en av de femtio snurren f\u00f6rvandlas till en kontantvinst.  <\/p>\n<p><strong>T.ex. f\u00f6r ett oms\u00e4ttningskrav p\u00e5 50 g\u00e5nger.<\/strong><\/p>\n<ul>\n<li>En kvalificerande f\u00f6rsta ins\u00e4ttning m\u00e5ste g\u00f6ras<\/li>\n<li>THOR &#8211; Spelautomat som endast ska anv\u00e4ndas med minsta insatser CAD$0,10<\/li>\n<li>Allm\u00e4nna villkor g\u00e4ller  <\/li>\n<li>Oms\u00e4ttningskrav 50 g\u00e5nger<\/li>\n<\/ul>\n<p>F\u00f6r att slutf\u00f6ra satsningen och kunna ta ut eventuella vinster m\u00e5ste en spelare satsa vinsterna 50 g\u00e5nger.  <strong>T.ex. Den totala vinsten f\u00f6r alla 50 gratissnurr \u00e4r 50 krediter. En spelare m\u00e5ste satsa 50 x 50 krediter = 250 krediter med minsta kreditgr\u00e4ns \u20ac0,10. <\/strong>  Eventuella \u00e5terst\u00e5ende vinster omvandlas automatiskt till riktiga pengar.<\/p>\n\t\t\t\t\t\t\t\t<\/div>\n\t\t\t\t<\/div>\n\t\t\t\t<div class=\"elementor-element elementor-element-859f500 elementor-widget elementor-widget-heading\" data-id=\"859f500\" data-element_type=\"widget\" data-widget_type=\"heading.default\">\n\t\t\t\t<div class=\"elementor-widget-container\">\n\t\t\t\t\t<h4 class=\"elementor-heading-title elementor-size-default\">Vilka \u00e4r f\u00f6rdelarna med en bonus utan oms\u00e4ttningskrav?<\/h4>\t\t\t\t<\/div>\n\t\t\t\t<\/div>\n\t\t\t\t<div class=\"elementor-element elementor-element-ad45116 elementor-widget elementor-widget-text-editor\" data-id=\"ad45116\" data-element_type=\"widget\" data-widget_type=\"text-editor.default\">\n\t\t\t\t<div class=\"elementor-widget-container\">\n\t\t\t\t\t\t\t\t\t<p>F\u00f6rdelen med en bonus utan satsning \u00e4r att den f\u00f6rvandlas till riktiga pengar direkt. Det \u00e4r inte s\u00e4rskilt vanligt och medf\u00f6r en betydande kostnad f\u00f6r onlinekasinon. Dess anv\u00e4ndning \u00e4r reklam som f\u00f6delsedagsutdelningar eller f\u00f6r att locka nya spelare.    <\/p>\n<p><strong><span style=\"text-decoration: underline;\">F\u00f6rdelar med bonus utan vadslagning<\/span><\/strong><\/p>\n<p>L\u00e4gre risk f\u00f6r spelarna<\/p>\n<p>Omedelbara vinster<\/p>\n<p><strong><span style=\"text-decoration: underline;\">Contra \u00e4r f\u00f6r inga oms\u00e4ttningskrav<\/span><\/strong><\/p>\n<p>Villkor kopplade till bonus b\u00f6r l\u00e4sas i f\u00f6rsta hand  <\/p>\n<p>Minsta ins\u00e4ttning kr\u00e4vs<\/p>\n<p>\u00c5terkallelse \u00e4r ofta kopplad till KYC-processen  <\/p>\n\t\t\t\t\t\t\t\t<\/div>\n\t\t\t\t<\/div>\n\t\t\t\t<\/div>\n\t\t\t\t<\/div>\n\t\t","protected":false},"excerpt":{"rendered":"<p>Inga satsningsbara kasinobonusar Kanada \u00e4r ganska \u00e4rr. Vi har listat en handfull av dessa bonusar utan oms\u00e4ttning \u00e5t dig. Out Top Pick f\u00f6r inga satsningsbonusar i Kanada. 50 Free Spins utan oms\u00e4ttningskrav p\u00e5 THOR &#8211; Spela OJO Casino idag! Dagar Timmar Protokoll Sekunder F\u00e5 50 gratissnurr utan oms\u00e4ttningskrav p\u00e5 THOR &#8211; Spela gratissnurr utan oms\u00e4ttningskrav [&hellip;]<\/p>\n","protected":false},"author":1,"featured_media":0,"parent":0,"menu_order":0,"comment_status":"closed","ping_status":"closed","template":"","meta":{"footnotes":""},"class_list":["post-6164","page","type-page","status-publish","hentry"],"blocksy_meta":[],"acf":[],"yoast_head":"<!-- This site is optimized with the Yoast SEO plugin v24.1 - https:\/\/yoast.com\/wordpress\/plugins\/seo\/ -->\n<title>Inga satsningsbara kasinobonusar Kanada - casinoreturn<\/title>\n<meta name=\"description\" content=\"Inga satsningscasinobonusar Kanada \u00e4r ett utm\u00e4rkt s\u00e4tt att locka nya spelare. F\u00f6rst\u00e4rkt med antingen ingen ins\u00e4ttningsbonus eller gratissnurr utan ins\u00e4ttning.\" \/>\n<meta name=\"robots\" content=\"index, follow, max-snippet:-1, max-image-preview:large, max-video-preview:-1\" \/>\n<link rel=\"canonical\" href=\"https:\/\/casinoreturn.com\/sv\/inga-satsningsbara-kasinobonusar-kanada\/\" \/>\n<meta property=\"og:locale\" content=\"sv_SE\" \/>\n<meta property=\"og:type\" content=\"article\" \/>\n<meta property=\"og:title\" content=\"Inga satsningsbara kasinobonusar Kanada - casinoreturn\" \/>\n<meta property=\"og:description\" content=\"Inga satsningscasinobonusar Kanada \u00e4r ett utm\u00e4rkt s\u00e4tt att locka nya spelare. F\u00f6rst\u00e4rkt med antingen ingen ins\u00e4ttningsbonus eller gratissnurr utan ins\u00e4ttning.\" \/>\n<meta property=\"og:url\" content=\"https:\/\/casinoreturn.com\/sv\/inga-satsningsbara-kasinobonusar-kanada\/\" \/>\n<meta property=\"og:site_name\" content=\"casinoreturn\" \/>\n<meta property=\"article:modified_time\" content=\"2024-12-20T00:43:51+00:00\" \/>\n<meta property=\"og:image\" content=\"https:\/\/casinoreturn.com\/wp-content\/uploads\/2024\/11\/No-Wagering-Casino-Bonuses.png\" \/>\n\t<meta property=\"og:image:width\" content=\"300\" \/>\n\t<meta property=\"og:image:height\" content=\"300\" \/>\n\t<meta property=\"og:image:type\" content=\"image\/png\" \/>\n<meta name=\"twitter:card\" content=\"summary_large_image\" \/>\n<meta name=\"twitter:label1\" content=\"Ber\u00e4knad l\u00e4stid\" \/>\n\t<meta name=\"twitter:data1\" content=\"2 minuter\" \/>\n<script type=\"application\/ld+json\" class=\"yoast-schema-graph\">{\"@context\":\"https:\/\/schema.org\",\"@graph\":[{\"@type\":\"WebPage\",\"@id\":\"https:\/\/casinoreturn.com\/sv\/inga-satsningsbara-kasinobonusar-kanada\/\",\"url\":\"https:\/\/casinoreturn.com\/sv\/inga-satsningsbara-kasinobonusar-kanada\/\",\"name\":\"Inga satsningsbara kasinobonusar Kanada - casinoreturn\",\"isPartOf\":{\"@id\":\"https:\/\/casinoreturn.com\/#website\"},\"primaryImageOfPage\":{\"@id\":\"https:\/\/casinoreturn.com\/sv\/inga-satsningsbara-kasinobonusar-kanada\/#primaryimage\"},\"image\":{\"@id\":\"https:\/\/casinoreturn.com\/sv\/inga-satsningsbara-kasinobonusar-kanada\/#primaryimage\"},\"thumbnailUrl\":\"https:\/\/casinoreturn.com\/wp-content\/uploads\/2024\/11\/No-Wagering-Casino-Bonuses.png\",\"datePublished\":\"2024-11-12T22:30:29+00:00\",\"dateModified\":\"2024-12-20T00:43:51+00:00\",\"description\":\"Inga satsningscasinobonusar Kanada \u00e4r ett utm\u00e4rkt s\u00e4tt att locka nya spelare. F\u00f6rst\u00e4rkt med antingen ingen ins\u00e4ttningsbonus eller gratissnurr utan ins\u00e4ttning.\",\"breadcrumb\":{\"@id\":\"https:\/\/casinoreturn.com\/sv\/inga-satsningsbara-kasinobonusar-kanada\/#breadcrumb\"},\"inLanguage\":\"sv-SE\",\"potentialAction\":[{\"@type\":\"ReadAction\",\"target\":[\"https:\/\/casinoreturn.com\/sv\/inga-satsningsbara-kasinobonusar-kanada\/\"]}]},{\"@type\":\"ImageObject\",\"inLanguage\":\"sv-SE\",\"@id\":\"https:\/\/casinoreturn.com\/sv\/inga-satsningsbara-kasinobonusar-kanada\/#primaryimage\",\"url\":\"https:\/\/casinoreturn.com\/wp-content\/uploads\/2024\/11\/No-Wagering-Casino-Bonuses.png\",\"contentUrl\":\"https:\/\/casinoreturn.com\/wp-content\/uploads\/2024\/11\/No-Wagering-Casino-Bonuses.png\"},{\"@type\":\"BreadcrumbList\",\"@id\":\"https:\/\/casinoreturn.com\/sv\/inga-satsningsbara-kasinobonusar-kanada\/#breadcrumb\",\"itemListElement\":[{\"@type\":\"ListItem\",\"position\":1,\"name\":\"Home\",\"item\":\"https:\/\/casinoreturn.com\/sv\/home\/\"},{\"@type\":\"ListItem\",\"position\":2,\"name\":\"Inga satsningsbara kasinobonusar Kanada\"}]},{\"@type\":\"WebSite\",\"@id\":\"https:\/\/casinoreturn.com\/#website\",\"url\":\"https:\/\/casinoreturn.com\/\",\"name\":\"casinoreturn\",\"description\":\"\",\"publisher\":{\"@id\":\"https:\/\/casinoreturn.com\/#organization\"},\"potentialAction\":[{\"@type\":\"SearchAction\",\"target\":{\"@type\":\"EntryPoint\",\"urlTemplate\":\"https:\/\/casinoreturn.com\/?s={search_term_string}\"},\"query-input\":{\"@type\":\"PropertyValueSpecification\",\"valueRequired\":true,\"valueName\":\"search_term_string\"}}],\"inLanguage\":\"sv-SE\"},{\"@type\":\"Organization\",\"@id\":\"https:\/\/casinoreturn.com\/#organization\",\"name\":\"casinoreturn\",\"url\":\"https:\/\/casinoreturn.com\/\",\"logo\":{\"@type\":\"ImageObject\",\"inLanguage\":\"sv-SE\",\"@id\":\"https:\/\/casinoreturn.com\/#\/schema\/logo\/image\/\",\"url\":\"https:\/\/casinoreturn.com\/wp-content\/uploads\/2024\/09\/animal-favicon.png\",\"contentUrl\":\"https:\/\/casinoreturn.com\/wp-content\/uploads\/2024\/09\/animal-favicon.png\",\"width\":92,\"height\":92,\"caption\":\"casinoreturn\"},\"image\":{\"@id\":\"https:\/\/casinoreturn.com\/#\/schema\/logo\/image\/\"}}]}<\/script>\n<!-- \/ Yoast SEO plugin. -->","yoast_head_json":{"title":"Inga satsningsbara kasinobonusar Kanada - casinoreturn","description":"Inga satsningscasinobonusar Kanada \u00e4r ett utm\u00e4rkt s\u00e4tt att locka nya spelare. F\u00f6rst\u00e4rkt med antingen ingen ins\u00e4ttningsbonus eller gratissnurr utan ins\u00e4ttning.","robots":{"index":"index","follow":"follow","max-snippet":"max-snippet:-1","max-image-preview":"max-image-preview:large","max-video-preview":"max-video-preview:-1"},"canonical":"https:\/\/casinoreturn.com\/sv\/inga-satsningsbara-kasinobonusar-kanada\/","og_locale":"sv_SE","og_type":"article","og_title":"Inga satsningsbara kasinobonusar Kanada - casinoreturn","og_description":"Inga satsningscasinobonusar Kanada \u00e4r ett utm\u00e4rkt s\u00e4tt att locka nya spelare. F\u00f6rst\u00e4rkt med antingen ingen ins\u00e4ttningsbonus eller gratissnurr utan ins\u00e4ttning.","og_url":"https:\/\/casinoreturn.com\/sv\/inga-satsningsbara-kasinobonusar-kanada\/","og_site_name":"casinoreturn","article_modified_time":"2024-12-20T00:43:51+00:00","og_image":[{"width":300,"height":300,"url":"https:\/\/casinoreturn.com\/wp-content\/uploads\/2024\/11\/No-Wagering-Casino-Bonuses.png","type":"image\/png"}],"twitter_card":"summary_large_image","twitter_misc":{"Ber\u00e4knad l\u00e4stid":"2 minuter"},"schema":{"@context":"https:\/\/schema.org","@graph":[{"@type":"WebPage","@id":"https:\/\/casinoreturn.com\/sv\/inga-satsningsbara-kasinobonusar-kanada\/","url":"https:\/\/casinoreturn.com\/sv\/inga-satsningsbara-kasinobonusar-kanada\/","name":"Inga satsningsbara kasinobonusar Kanada - casinoreturn","isPartOf":{"@id":"https:\/\/casinoreturn.com\/#website"},"primaryImageOfPage":{"@id":"https:\/\/casinoreturn.com\/sv\/inga-satsningsbara-kasinobonusar-kanada\/#primaryimage"},"image":{"@id":"https:\/\/casinoreturn.com\/sv\/inga-satsningsbara-kasinobonusar-kanada\/#primaryimage"},"thumbnailUrl":"https:\/\/casinoreturn.com\/wp-content\/uploads\/2024\/11\/No-Wagering-Casino-Bonuses.png","datePublished":"2024-11-12T22:30:29+00:00","dateModified":"2024-12-20T00:43:51+00:00","description":"Inga satsningscasinobonusar Kanada \u00e4r ett utm\u00e4rkt s\u00e4tt att locka nya spelare. F\u00f6rst\u00e4rkt med antingen ingen ins\u00e4ttningsbonus eller gratissnurr utan ins\u00e4ttning.","breadcrumb":{"@id":"https:\/\/casinoreturn.com\/sv\/inga-satsningsbara-kasinobonusar-kanada\/#breadcrumb"},"inLanguage":"sv-SE","potentialAction":[{"@type":"ReadAction","target":["https:\/\/casinoreturn.com\/sv\/inga-satsningsbara-kasinobonusar-kanada\/"]}]},{"@type":"ImageObject","inLanguage":"sv-SE","@id":"https:\/\/casinoreturn.com\/sv\/inga-satsningsbara-kasinobonusar-kanada\/#primaryimage","url":"https:\/\/casinoreturn.com\/wp-content\/uploads\/2024\/11\/No-Wagering-Casino-Bonuses.png","contentUrl":"https:\/\/casinoreturn.com\/wp-content\/uploads\/2024\/11\/No-Wagering-Casino-Bonuses.png"},{"@type":"BreadcrumbList","@id":"https:\/\/casinoreturn.com\/sv\/inga-satsningsbara-kasinobonusar-kanada\/#breadcrumb","itemListElement":[{"@type":"ListItem","position":1,"name":"Home","item":"https:\/\/casinoreturn.com\/sv\/home\/"},{"@type":"ListItem","position":2,"name":"Inga satsningsbara kasinobonusar Kanada"}]},{"@type":"WebSite","@id":"https:\/\/casinoreturn.com\/#website","url":"https:\/\/casinoreturn.com\/","name":"casinoreturn","description":"","publisher":{"@id":"https:\/\/casinoreturn.com\/#organization"},"potentialAction":[{"@type":"SearchAction","target":{"@type":"EntryPoint","urlTemplate":"https:\/\/casinoreturn.com\/?s={search_term_string}"},"query-input":{"@type":"PropertyValueSpecification","valueRequired":true,"valueName":"search_term_string"}}],"inLanguage":"sv-SE"},{"@type":"Organization","@id":"https:\/\/casinoreturn.com\/#organization","name":"casinoreturn","url":"https:\/\/casinoreturn.com\/","logo":{"@type":"ImageObject","inLanguage":"sv-SE","@id":"https:\/\/casinoreturn.com\/#\/schema\/logo\/image\/","url":"https:\/\/casinoreturn.com\/wp-content\/uploads\/2024\/09\/animal-favicon.png","contentUrl":"https:\/\/casinoreturn.com\/wp-content\/uploads\/2024\/09\/animal-favicon.png","width":92,"height":92,"caption":"casinoreturn"},"image":{"@id":"https:\/\/casinoreturn.com\/#\/schema\/logo\/image\/"}}]}},"_links":{"self":[{"href":"https:\/\/casinoreturn.com\/sv\/wp-json\/wp\/v2\/pages\/6164","targetHints":{"allow":["GET"]}}],"collection":[{"href":"https:\/\/casinoreturn.com\/sv\/wp-json\/wp\/v2\/pages"}],"about":[{"href":"https:\/\/casinoreturn.com\/sv\/wp-json\/wp\/v2\/types\/page"}],"author":[{"embeddable":true,"href":"https:\/\/casinoreturn.com\/sv\/wp-json\/wp\/v2\/users\/1"}],"replies":[{"embeddable":true,"href":"https:\/\/casinoreturn.com\/sv\/wp-json\/wp\/v2\/comments?post=6164"}],"version-history":[{"count":1,"href":"https:\/\/casinoreturn.com\/sv\/wp-json\/wp\/v2\/pages\/6164\/revisions"}],"predecessor-version":[{"id":6165,"href":"https:\/\/casinoreturn.com\/sv\/wp-json\/wp\/v2\/pages\/6164\/revisions\/6165"}],"wp:attachment":[{"href":"https:\/\/casinoreturn.com\/sv\/wp-json\/wp\/v2\/media?parent=6164"}],"curies":[{"name":"wp","href":"https:\/\/api.w.org\/{rel}","templated":true}]}}